{"id":29,"date":"2019-01-22T16:39:53","date_gmt":"2019-01-22T15:39:53","guid":{"rendered":"https:\/\/www.kuechen-steffen.de\/?page_id=29"},"modified":"2019-01-25T14:13:56","modified_gmt":"2019-01-25T13:13:56","slug":"impressum","status":"publish","type":"page","link":"https:\/\/www.kuechen-steffen.de\/?page_id=29","title":{"rendered":"Impressum"},"content":{"rendered":"<p><strong>K\u00fcchenstudio Steffen<\/strong><br \/>\nInh.: Eduard Steffen<br \/>\nVorberg 1a<br \/>\n84513 Erharting<\/p>\n<p>Telefon: +49 (8631) 95450<br \/>\nTelefax: +49 (8631) 95529<\/p>\n<p><strong>Web:\u00a0<\/strong><a href=\"https:\/\/www.kuechen-steffen.de\/\" rel=\"self\">www.kuechen-steffen.de<\/a><strong><br \/>\n<\/strong><strong>E-Mail:<\/strong>\u00a0<a href=\"mailto:info@kuechen-steffen.de\" rel=\"self\">info@kuechen-steffen.de<\/a><\/p>\n<p><strong>Umsatzsteuer-IdNr. gem\u00e4\u00df \u00a7 27 a Umsatzsteuergesetz:<\/strong>\u00a0DE 129246495<\/p>\n<p>Inhaltlich Verantwortlicher gem\u00e4\u00df \u00a7 55 Abs. 2 RStV: Eduard Steffen (Anschrift identisch)<\/p>\n<p><strong>Streitbeilegung<\/strong><\/p>\n<p>Die Europ\u00e4ische Kommission stellt eine Plattform zur Online-Streitbeilegung (OS) bereit.<br \/>\nDie Plattform finden Sie unter:\u00a0<a href=\"http:\/\/ec.europa.eu\/consumers\/odr\" target=\"_blank\" rel=\"noopener\">http:\/\/ec.europa.eu\/consumers\/odr<\/a><\/p>\n<p><strong>Verbraucherstreitbeilegungsgesetz<\/strong><\/p>\n<p>Wir sind nicht bereit und verpflichtet, an Streitbeilegungsverfahren vor einer Verbraucherschlichtungsstelle teilzunehmen.<\/p>\n<p><strong>Design, Programmierung &amp; Pflege:<\/strong>\u00a0limet Webdesign,\u00a0<a href=\"https:\/\/www.limet.de\/\" target=\"_blank\" rel=\"external noopener\">www.limet.de<\/a><\/p>\n<p><strong>Haftungshinweis:<br \/>\n<\/strong>Wir \u00fcbernehmen keine Haftung f\u00fcr die Inhalte externer Links. Wir weisen darauf hin, dass wir keinen Einfluss auf die Gestaltung und den Inhalt der Seiten haben, auf die verlinkt wird. F\u00fcr die Inhalte der verlinkten Seiten sind ausschlie\u00dflich deren Betreiber verantwortlich. Diese Erkl\u00e4rung gilt f\u00fcr s\u00e4mtliche auf unseren Internet-Seiten enthaltenen Verlinkungen zu externen Seiten und deren Inhalte.<\/p>\n<p><strong>Herausgeber:<br \/>\n<\/strong>\u00a9 Copyright 2017,\u00a0K\u00fcchenstudio Steffen<br \/>\nOhne schriftliche Genehmigung ist es nicht gestattet Inhalte, Bilder f\u00fcr den eigenen Bedarf zu verwenden.<br \/>\nAlle Markenzeichen sind Eigentum der jeweiligen Hersteller bzw. Herausgeber.<\/p>\n","protected":false},"excerpt":{"rendered":"<p>K\u00fcchenstudio Steffen Inh.: Eduard Steffen Vorberg 1a 84513 Erharting Telefon:  [&#8230;]<\/p>\n","protected":false},"author":0,"featured_media":0,"parent":0,"menu_order":0,"comment_status":"closed","ping_status":"open","template":"","meta":{"footnotes":""},"class_list":["post-29","page","type-page","status-publish","hentry"],"_links":{"self":[{"href":"https:\/\/www.kuechen-steffen.de\/index.php?rest_route=\/wp\/v2\/pages\/29","targetHints":{"allow":["GET"]}}],"collection":[{"href":"https:\/\/www.kuechen-steffen.de\/index.php?rest_route=\/wp\/v2\/pages"}],"about":[{"href":"https:\/\/www.kuechen-steffen.de\/index.php?rest_route=\/wp\/v2\/types\/page"}],"replies":[{"embeddable":true,"href":"https:\/\/www.kuechen-steffen.de\/index.php?rest_route=%2Fwp%2Fv2%2Fcomments&post=29"}],"version-history":[{"count":0,"href":"https:\/\/www.kuechen-steffen.de\/index.php?rest_route=\/wp\/v2\/pages\/29\/revisions"}],"wp:attachment":[{"href":"https:\/\/www.kuechen-steffen.de\/index.php?rest_route=%2Fwp%2Fv2%2Fmedia&parent=29"}],"curies":[{"name":"wp","href":"https:\/\/api.w.org\/{rel}","templated":true}]}}