{"id":161,"date":"2019-01-24T15:49:35","date_gmt":"2019-01-24T14:49:35","guid":{"rendered":"https:\/\/www.kuechen-steffen.de\/?page_id=161"},"modified":"2023-03-24T13:18:49","modified_gmt":"2023-03-24T12:18:49","slug":"tipps-medien","status":"publish","type":"page","link":"https:\/\/www.kuechen-steffen.de\/?page_id=161","title":{"rendered":"Tipps &#038; Medien"},"content":{"rendered":"<p><div class=\"fusion-fullwidth fullwidth-box fusion-builder-row-1 nonhundred-percent-fullwidth non-hundred-percent-height-scrolling\" style=\"--awb-border-radius-top-left:0px;--awb-border-radius-top-right:0px;--awb-border-radius-bottom-right:0px;--awb-border-radius-bottom-left:0px;--awb-flex-wrap:wrap;\" ><div class=\"fusion-builder-row fusion-row\"><div class=\"fusion-layout-column fusion_builder_column fusion-builder-column-0 fusion_builder_column_1_1 1_1 fusion-one-full fusion-column-first fusion-column-last\" style=\"--awb-bg-size:cover;--awb-margin-bottom:0px;\"><div class=\"fusion-column-wrapper fusion-flex-column-wrapper-legacy\"><div class=\"fusion-text fusion-text-1\"><h2>Was Sie schon immer \u00fcber K\u00fcchen und Planung wissen wollten&#8230;<\/h2>\n<p style=\"text-align: justify;\">K\u00fcchenstudio Steffen hat f\u00fcr Sie hier einige wichtige Tipps und\u00a0Informationen rund um Ihre neue K\u00fcche zum Downloaden\u00a0bereitgestellt. Alles weitere besprechen wir gerne mit Ihnen\u00a0pers\u00f6nlich. Herzlich willkommen bei Steffen &#8211; Ihrem K\u00fcchenstudio f\u00fcr die Landkreise M\u00fchldorf, Alt\u00f6tting und dar\u00fcber hinaus!<\/p>\n<\/div><div class=\"fusion-clearfix\"><\/div><\/div><\/div><\/div><\/div><div class=\"fusion-fullwidth fullwidth-box fusion-builder-row-2 nonhundred-percent-fullwidth non-hundred-percent-height-scrolling\" style=\"--awb-border-radius-top-left:0px;--awb-border-radius-top-right:0px;--awb-border-radius-bottom-right:0px;--awb-border-radius-bottom-left:0px;--awb-margin-top:30px;--awb-margin-bottom:30px;--awb-flex-wrap:wrap;\" ><div class=\"fusion-builder-row fusion-row\"><div class=\"fusion-layout-column fusion_builder_column fusion-builder-column-1 fusion_builder_column_1_3 1_3 fusion-one-third fusion-column-first fusion-animated\" style=\"--awb-bg-size:cover;width:33.333333333333%;width:calc(33.333333333333% - ( ( 4% ) * 0.33333333333333 ) );margin-right: 4%;\" data-animationType=\"fadeInUp\" data-animationDuration=\"0.3\" data-animationOffset=\"top-into-view\"><div class=\"fusion-column-wrapper fusion-flex-column-wrapper-legacy\"><div class=\"fusion-image-element in-legacy-container\" style=\"--awb-caption-title-font-family:var(--h2_typography-font-family);--awb-caption-title-font-weight:var(--h2_typography-font-weight);--awb-caption-title-font-style:var(--h2_typography-font-style);--awb-caption-title-size:var(--h2_typography-font-size);--awb-caption-title-transform:var(--h2_typography-text-transform);--awb-caption-title-line-height:var(--h2_typography-line-height);--awb-caption-title-letter-spacing:var(--h2_typography-letter-spacing);\"><span class=\" fusion-imageframe imageframe-none imageframe-1 hover-type-none\"><img decoding=\"async\" width=\"713\" height=\"941\" title=\"Download-Guetepass_web\" src=\"https:\/\/www.kuechen-steffen.de\/wp-content\/uploads\/2019\/01\/Download-Guetepass_web-e1548930479869.jpg\" alt class=\"img-responsive wp-image-307\" srcset=\"https:\/\/www.kuechen-steffen.de\/wp-content\/uploads\/2019\/01\/Download-Guetepass_web-e1548930479869-200x264.jpg 200w, https:\/\/www.kuechen-steffen.de\/wp-content\/uploads\/2019\/01\/Download-Guetepass_web-e1548930479869-400x528.jpg 400w, https:\/\/www.kuechen-steffen.de\/wp-content\/uploads\/2019\/01\/Download-Guetepass_web-e1548930479869-600x792.jpg 600w, https:\/\/www.kuechen-steffen.de\/wp-content\/uploads\/2019\/01\/Download-Guetepass_web-e1548930479869.jpg 713w\" sizes=\"(max-width: 800px) 100vw, 713px\" \/><\/span><\/div><div class=\"fusion-clearfix\"><\/div><\/div><\/div><div class=\"fusion-layout-column fusion_builder_column fusion-builder-column-2 fusion_builder_column_2_3 2_3 fusion-two-third fusion-column-last fusion-animated\" style=\"--awb-bg-size:cover;width:66.666666666667%;width:calc(66.666666666667% - ( ( 4% ) * 0.66666666666667 ) );\" data-animationType=\"fadeInUp\" data-animationDuration=\"0.3\" data-animationOffset=\"top-into-view\"><div class=\"fusion-column-wrapper fusion-flex-column-wrapper-legacy\"><div class=\"fusion-text fusion-text-2\"><h3>K\u00fcchen-G\u00fctepass<\/h3>\n<p>Wichtige Tipps, hilfreiche Informationen und vieles mehr erfahren Sie hier. Einfach auf den K\u00fcchen-G\u00fctepass klicken und downloaden.<\/p>\n<\/div><div class=\"fusion-button-wrapper\"><a class=\"fusion-button button-flat fusion-button-default-size button-custom fusion-button-default button-1 fusion-button-default-span fusion-button-default-type fusion-has-button-gradient\" style=\"--button_accent_color:#780404;--button_accent_hover_color:#780404;--button_border_hover_color:#780404;--button_gradient_top_color:#a3231e;--button_gradient_bottom_color:#a3231e;--button_gradient_top_color_hover:rgba(163,35,30,0.84);--button_gradient_bottom_color_hover:rgba(163,35,30,0.85);\" target=\"_blank\" rel=\"noopener noreferrer\" href=\"https:\/\/www.kuechen-steffen.de\/wp-content\/uploads\/2019\/01\/Guetepass_01_2013.pdf\"><span class=\"fusion-button-text awb-button__text awb-button__text--default\">Datei herunterladen (PDF)<\/span><\/a><\/div><div class=\"fusion-clearfix\"><\/div><\/div><\/div><\/div><\/div><div class=\"fusion-fullwidth fullwidth-box fusion-builder-row-3 nonhundred-percent-fullwidth non-hundred-percent-height-scrolling\" style=\"--awb-border-radius-top-left:0px;--awb-border-radius-top-right:0px;--awb-border-radius-bottom-right:0px;--awb-border-radius-bottom-left:0px;--awb-margin-top:30px;--awb-margin-bottom:30px;--awb-flex-wrap:wrap;\" ><div class=\"fusion-builder-row fusion-row\"><div class=\"fusion-layout-column fusion_builder_column fusion-builder-column-3 fusion_builder_column_1_3 1_3 fusion-one-third fusion-column-first fusion-animated\" style=\"--awb-bg-size:cover;width:33.333333333333%;width:calc(33.333333333333% - ( ( 4% ) * 0.33333333333333 ) );margin-right: 4%;\" data-animationType=\"fadeInUp\" data-animationDuration=\"0.3\" data-animationOffset=\"top-into-view\"><div class=\"fusion-column-wrapper fusion-flex-column-wrapper-legacy\"><div class=\"fusion-image-element in-legacy-container\" style=\"--awb-caption-title-font-family:var(--h2_typography-font-family);--awb-caption-title-font-weight:var(--h2_typography-font-weight);--awb-caption-title-font-style:var(--h2_typography-font-style);--awb-caption-title-size:var(--h2_typography-font-size);--awb-caption-title-transform:var(--h2_typography-text-transform);--awb-caption-title-line-height:var(--h2_typography-line-height);--awb-caption-title-letter-spacing:var(--h2_typography-letter-spacing);\"><span class=\" fusion-imageframe imageframe-none imageframe-2 hover-type-none\"><img decoding=\"async\" width=\"800\" height=\"571\" title=\"checkliste_web\" src=\"https:\/\/www.kuechen-steffen.de\/wp-content\/uploads\/2019\/01\/checkliste_web-800x571.jpg\" alt class=\"img-responsive wp-image-306\" srcset=\"https:\/\/www.kuechen-steffen.de\/wp-content\/uploads\/2019\/01\/checkliste_web-200x143.jpg 200w, https:\/\/www.kuechen-steffen.de\/wp-content\/uploads\/2019\/01\/checkliste_web-400x286.jpg 400w, https:\/\/www.kuechen-steffen.de\/wp-content\/uploads\/2019\/01\/checkliste_web-600x428.jpg 600w, https:\/\/www.kuechen-steffen.de\/wp-content\/uploads\/2019\/01\/checkliste_web-800x571.jpg 800w, https:\/\/www.kuechen-steffen.de\/wp-content\/uploads\/2019\/01\/checkliste_web-1200x857.jpg 1200w, https:\/\/www.kuechen-steffen.de\/wp-content\/uploads\/2019\/01\/checkliste_web.jpg 1231w\" sizes=\"(max-width: 800px) 100vw, 400px\" \/><\/span><\/div><div class=\"fusion-clearfix\"><\/div><\/div><\/div><div class=\"fusion-layout-column fusion_builder_column fusion-builder-column-4 fusion_builder_column_2_3 2_3 fusion-two-third fusion-column-last fusion-animated\" style=\"--awb-bg-size:cover;width:66.666666666667%;width:calc(66.666666666667% - ( ( 4% ) * 0.66666666666667 ) );\" data-animationType=\"fadeInUp\" data-animationDuration=\"0.3\" data-animationOffset=\"top-into-view\"><div class=\"fusion-column-wrapper fusion-flex-column-wrapper-legacy\"><div class=\"fusion-text fusion-text-3\"><h3>K\u00fcchen-Checkliste<\/h3>\n<p>Damit ihre neue K\u00fcche auch wirklich perfekt geplant und realisiert werden kann, ben\u00f6tigt Ihr Berater von Steffen K\u00fcchen einige Informationen. Checkliste hier zum downloaden.<\/p>\n<\/div><div class=\"fusion-button-wrapper\"><a class=\"fusion-button button-flat fusion-button-default-size button-custom fusion-button-default button-2 fusion-button-default-span fusion-button-default-type fusion-has-button-gradient\" style=\"--button_accent_color:#780404;--button_accent_hover_color:#780404;--button_border_hover_color:#780404;--button_gradient_top_color:#a3231e;--button_gradient_bottom_color:#a3231e;--button_gradient_top_color_hover:rgba(163,35,30,0.84);--button_gradient_bottom_color_hover:rgba(163,35,30,0.85);\" target=\"_blank\" rel=\"noopener noreferrer\" href=\"https:\/\/www.kuechen-steffen.de\/wp-content\/uploads\/2019\/01\/Checkliste_Planung.pdf\"><span class=\"fusion-button-text awb-button__text awb-button__text--default\">Datei herunterladen (PDF)<\/span><\/a><\/div><div class=\"fusion-clearfix\"><\/div><\/div><\/div><\/div><\/div><div class=\"fusion-fullwidth fullwidth-box fusion-builder-row-4 nonhundred-percent-fullwidth non-hundred-percent-height-scrolling\" style=\"--awb-border-radius-top-left:0px;--awb-border-radius-top-right:0px;--awb-border-radius-bottom-right:0px;--awb-border-radius-bottom-left:0px;--awb-margin-top:50px;--awb-margin-bottom:30px;--awb-flex-wrap:wrap;\" ><div class=\"fusion-builder-row fusion-row\"><div class=\"fusion-layout-column fusion_builder_column fusion-builder-column-5 fusion_builder_column_1_1 1_1 fusion-one-full fusion-column-first fusion-column-last\" style=\"--awb-bg-size:cover;\"><div class=\"fusion-column-wrapper fusion-flex-column-wrapper-legacy\"><div class=\"fusion-text fusion-text-4\"><h2>Film ab!<\/h2>\n<p>Hier pr\u00e4sentieren wir Ihnen die neuesten Videos aus der Koch- und K\u00fcchenwelt.<strong>Viel Spa\u00df damit!<\/strong><\/p>\n<\/div><div class=\"fusion-clearfix\"><\/div><\/div><\/div><div class=\"fusion-layout-column fusion_builder_column fusion-builder-column-6 fusion_builder_column_1_2 1_2 fusion-one-half fusion-column-first\" style=\"--awb-bg-size:cover;width:50%;width:calc(50% - ( ( 4% ) * 0.5 ) );margin-right: 4%;\"><div class=\"fusion-column-wrapper fusion-flex-column-wrapper-legacy\"><div class=\"fusion-text fusion-text-5\"><p><iframe class=\"fusion-hidden\" data-privacy-type=\"youtube\" src=\"\" data-privacy-src=\"https:\/\/www.youtube.com\/embed\/oFMmeIHZL0o\" width=\"400\" height=\"225\" frameborder=\"0\" allowfullscreen=\"allowfullscreen\" data-mce-fragment=\"1\"><br \/> <\/iframe><div class=\"fusion-privacy-placeholder\" style=\"width:400px; height:225px;\" data-privacy-type=\"youtube\"><div class=\"fusion-privacy-placeholder-content\"><div class=\"fusion-privacy-label\">For privacy reasons YouTube needs your permission to be loaded.<\/div><button data-privacy-type=\"youtube\" class=\"fusion-button button-default fusion-button-default-size button fusion-privacy-consent\">I Accept<\/button><\/div><\/div><\/p>\n<\/div><div class=\"fusion-clearfix\"><\/div><\/div><\/div><div class=\"fusion-layout-column fusion_builder_column fusion-builder-column-7 fusion_builder_column_1_2 1_2 fusion-one-half fusion-column-last\" style=\"--awb-bg-size:cover;width:50%;width:calc(50% - ( ( 4% ) * 0.5 ) );\"><div class=\"fusion-column-wrapper fusion-flex-column-wrapper-legacy\"><div class=\"fusion-text fusion-text-6\"><p><video id=\"video\" poster=\"\" preload=\"true\" controls=\"controls\" width=\"100%\" height=\"300\"><source src=\"https:\/\/www.berbel.de\/fileadmin\/media\/videos\/berbel-kochen-mit-dem-Panoramakochfeld.mp4\" type=\"video\/mp4\" \/><\/video><\/p>\n<\/div><div class=\"fusion-clearfix\"><\/div><\/div><\/div><\/div><\/div><\/p>\n","protected":false},"excerpt":{"rendered":"","protected":false},"author":0,"featured_media":0,"parent":0,"menu_order":0,"comment_status":"closed","ping_status":"open","template":"","meta":{"footnotes":""},"class_list":["post-161","page","type-page","status-publish","hentry"],"_links":{"self":[{"href":"https:\/\/www.kuechen-steffen.de\/index.php?rest_route=\/wp\/v2\/pages\/161","targetHints":{"allow":["GET"]}}],"collection":[{"href":"https:\/\/www.kuechen-steffen.de\/index.php?rest_route=\/wp\/v2\/pages"}],"about":[{"href":"https:\/\/www.kuechen-steffen.de\/index.php?rest_route=\/wp\/v2\/types\/page"}],"replies":[{"embeddable":true,"href":"https:\/\/www.kuechen-steffen.de\/index.php?rest_route=%2Fwp%2Fv2%2Fcomments&post=161"}],"version-history":[{"count":0,"href":"https:\/\/www.kuechen-steffen.de\/index.php?rest_route=\/wp\/v2\/pages\/161\/revisions"}],"wp:attachment":[{"href":"https:\/\/www.kuechen-steffen.de\/index.php?rest_route=%2Fwp%2Fv2%2Fmedia&parent=161"}],"curies":[{"name":"wp","href":"https:\/\/api.w.org\/{rel}","templated":true}]}}